{"id":90,"date":"2010-03-07T11:44:28","date_gmt":"2010-03-07T11:44:28","guid":{"rendered":"http:\/\/www.penseesauvage.ch\/?page_id=90"},"modified":"2016-07-02T21:13:23","modified_gmt":"2016-07-02T21:13:23","slug":"nos-livres","status":"publish","type":"page","link":"https:\/\/www.penseesauvage.ch\/?page_id=90","title":{"rendered":"Nos Livres"},"content":{"rendered":"<h2><span style=\"color: #000080;\"><em>La librairie la Pens\u00e9e Sauvage propose environ\u00a0 8000 livres \u00e0 ses visiteurs.<\/em><\/span><\/h2>\n<p>Malheureusement, le fondateur de La Pens\u00e9e Sauvage a rejoint les \u00e9toiles le 5 octobre 2015, victime de l&rsquo;amylose (maladie rare). La librairie a d\u00fb fermer ses portes.<\/p>\n<p>Les livres sont \u00e0 la Foire des Charbonni\u00e8res les 11 et 12 juin 2016 ainsi qu&rsquo;\u00e0 la Foire aux livres de Romainm\u00f4tier (week-end du Je\u00fbne F\u00e9d\u00e9ral).<\/p>\n<p><em><strong>Vous trouverez notre catalogue en ligne avec ce lien.<\/strong><br \/>\n<\/em><\/p>\n<p><a href=\"http:\/\/www.abebooks.fr\/vendeur\/PENSEESAUVAGE\">http:\/\/www.abebooks.fr\/vendeur\/PENSEESAUVAGE<\/a><\/p>\n<p><span style=\"color: #000080;\"><em><a href=\"https:\/\/www.penseesauvage.ch\/wp-content\/uploads\/2010\/03\/Photo0250.jpg\"><img loading=\"lazy\" decoding=\"async\" class=\"aligncenter size-large wp-image-299\" title=\"Photo0250\" src=\"https:\/\/www.penseesauvage.ch\/wp-content\/uploads\/2010\/03\/Photo0250-1024x878.jpg\" alt=\"\" width=\"532\" height=\"379\" \/><\/a><\/em><\/span><\/p>\n<h2><\/h2>\n<p><span style=\"color: #000080;\"><em><br \/>\n<\/em><\/span><\/p>\n<p><span style=\"color: #000080;\"><em><br \/>\n<\/em><\/span><\/p>\n<h2><span style=\"color: #000080;\"><em>Nous vous proposons des livres rares, anciens ou \u00e9puis\u00e9s dans les domaines suivants:<\/em><\/span><\/h2>\n<h2><strong>Bibliophilie<\/strong><\/h2>\n<h2><strong>Livres anciens<\/strong><\/h2>\n<h2>Livres d&rsquo;enfants<\/h2>\n<h2>Histoire<\/h2>\n<h2>Helvetica et livres r\u00e9gionaux<\/h2>\n<h2>Nature et \u00e9cologie<\/h2>\n<h2>Techniques et horlogerie<\/h2>\n<h2><\/h2>\n<h2>Arts<\/h2>\n<h2>Voyage<\/h2>\n<h2>Litt\u00e9rature suisse<\/h2>\n<h2>Litt\u00e9rature, po\u00e9sie et th\u00e9\u00e2tre<\/h2>\n<h2>Contes et l\u00e9gendes<\/h2>\n<h2>Religions et \u00e9sot\u00e9risme<\/h2>\n<h2>Philosophie<\/h2>\n<h2><\/h2>\n<h2>Bandes dessin\u00e9es rares ou modernes<\/h2>\n<h2>Cuisine<\/h2>\n<h2>Sant\u00e9<\/h2>\n<h2>Et bien sur quelques curiosit\u00e9s inclassables<\/h2>\n<p>&nbsp;<\/p>\n<h2><span style=\"color: #000080;\"><em><em><a href=\"https:\/\/www.penseesauvage.ch\/wp-content\/uploads\/2010\/03\/Photo0263.jpg\"><img loading=\"lazy\" decoding=\"async\" class=\"aligncenter size-large wp-image-303\" title=\"Photo0263\" src=\"https:\/\/www.penseesauvage.ch\/wp-content\/uploads\/2010\/03\/Photo0263-1024x696.jpg\" alt=\"\" width=\"523\" height=\"356\" srcset=\"https:\/\/www.penseesauvage.ch\/wp-content\/uploads\/2010\/03\/Photo0263-1024x696.jpg 1024w, https:\/\/www.penseesauvage.ch\/wp-content\/uploads\/2010\/03\/Photo0263-300x204.jpg 300w\" sizes=\"auto, (max-width: 523px) 100vw, 523px\" \/><\/a><\/em><\/em><\/span><\/h2>\n<h3><em>-Nous sommes fiers de vous proposer parmi nos livres rares et \u00e9puis\u00e9s un choix de<span style=\"color: #0000ff;\"> romans\u00a0 contemporains<\/span> et de<span style=\"color: #0000ff;\"> livres pour enfants<\/span> de qualit\u00e9 \u00e0 prix r\u00e9duits.<\/em><\/h3>\n<h3><em>Nous nous r\u00e9jouissons de votre visite.<\/em><\/h3>\n<p>&nbsp;<\/p>\n","protected":false},"excerpt":{"rendered":"<p>La librairie la Pens\u00e9e Sauvage propose environ\u00a0 8000 livres \u00e0 ses visiteurs. Malheureusement, le fondateur de La Pens\u00e9e Sauvage a rejoint les \u00e9toiles le 5 octobre 2015, victime de l&rsquo;amylose (maladie rare). La librairie a d\u00fb fermer ses portes. Les livres sont \u00e0 la Foire des Charbonni\u00e8res les 11 et 12 juin 2016 ainsi qu&rsquo;\u00e0 [&hellip;]<\/p>\n","protected":false},"author":2,"featured_media":0,"parent":0,"menu_order":0,"comment_status":"open","ping_status":"open","template":"","meta":{"footnotes":""},"class_list":["post-90","page","type-page","status-publish","hentry"],"_links":{"self":[{"href":"https:\/\/www.penseesauvage.ch\/index.php?rest_route=\/wp\/v2\/pages\/90","targetHints":{"allow":["GET"]}}],"collection":[{"href":"https:\/\/www.penseesauvage.ch\/index.php?rest_route=\/wp\/v2\/pages"}],"about":[{"href":"https:\/\/www.penseesauvage.ch\/index.php?rest_route=\/wp\/v2\/types\/page"}],"author":[{"embeddable":true,"href":"https:\/\/www.penseesauvage.ch\/index.php?rest_route=\/wp\/v2\/users\/2"}],"replies":[{"embeddable":true,"href":"https:\/\/www.penseesauvage.ch\/index.php?rest_route=%2Fwp%2Fv2%2Fcomments&post=90"}],"version-history":[{"count":19,"href":"https:\/\/www.penseesauvage.ch\/index.php?rest_route=\/wp\/v2\/pages\/90\/revisions"}],"predecessor-version":[{"id":453,"href":"https:\/\/www.penseesauvage.ch\/index.php?rest_route=\/wp\/v2\/pages\/90\/revisions\/453"}],"wp:attachment":[{"href":"https:\/\/www.penseesauvage.ch\/index.php?rest_route=%2Fwp%2Fv2%2Fmedia&parent=90"}],"curies":[{"name":"wp","href":"https:\/\/api.w.org\/{rel}","templated":true}]}}