{"id":85,"date":"2010-03-07T11:22:03","date_gmt":"2010-03-07T11:22:03","guid":{"rendered":"http:\/\/www.penseesauvage.ch\/?page_id=85"},"modified":"2016-07-02T21:09:17","modified_gmt":"2016-07-02T21:09:17","slug":"nous-achetons-vos-livres","status":"publish","type":"page","link":"https:\/\/www.penseesauvage.ch\/?page_id=85","title":{"rendered":"Nous achetons vos livres. Achat de livres d&rsquo;occasion, Achat de livres anciens et modernes, bibliophilie. Estimation &#038; Expertise de livres ."},"content":{"rendered":"<h2 style=\"text-align: center;\">Nous achetons vos livres<\/h2>\n<p><a href=\"https:\/\/www.penseesauvage.ch\/wp-content\/uploads\/2010\/03\/Photo0281.jpg\"><img loading=\"lazy\" decoding=\"async\" class=\"aligncenter size-large wp-image-306\" title=\"Photo0281\" src=\"https:\/\/www.penseesauvage.ch\/wp-content\/uploads\/2010\/03\/Photo0281-1024x726.jpg\" alt=\"\" width=\"320\" height=\"226\" srcset=\"https:\/\/www.penseesauvage.ch\/wp-content\/uploads\/2010\/03\/Photo0281-1024x726.jpg 1024w, https:\/\/www.penseesauvage.ch\/wp-content\/uploads\/2010\/03\/Photo0281-300x212.jpg 300w\" sizes=\"auto, (max-width: 320px) 100vw, 320px\" \/><\/a><\/p>\n<p><strong>Pour le rachat vos livres vous pouvez d\u00e9sormais vous adresser \u00e0 Monsieur Jan Reymond, \u00e0 Romainm\u00f4tier.<\/strong><\/p>\n<p style=\"text-align: center;\"><strong>Foire au livres de Romainm\u00f4tier :<\/strong><\/p>\n<p style=\"text-align: center;\"><em><strong>du vendredi 16 au lundi 19 septembre 2016<\/strong><\/em><\/p>\n<p style=\"text-align: center;\">org: Jan Reymond, 079 636 31 77 \/ 024 453 10 96 \/ jan.reymond.romainmotier.ch<\/p>\n<p>&nbsp;<\/p>\n<p>&nbsp;<\/p>\n","protected":false},"excerpt":{"rendered":"<p>Nous achetons vos livres Pour le rachat vos livres vous pouvez d\u00e9sormais vous adresser \u00e0 Monsieur Jan Reymond, \u00e0 Romainm\u00f4tier. Foire au livres de Romainm\u00f4tier : du vendredi 16 au lundi 19 septembre 2016 org: Jan Reymond, 079 636 31 77 \/ 024 453 10 96 \/ jan.reymond.romainmotier.ch &nbsp; &nbsp;<\/p>\n","protected":false},"author":2,"featured_media":0,"parent":0,"menu_order":0,"comment_status":"open","ping_status":"open","template":"","meta":{"footnotes":""},"class_list":["post-85","page","type-page","status-publish","hentry"],"_links":{"self":[{"href":"https:\/\/www.penseesauvage.ch\/index.php?rest_route=\/wp\/v2\/pages\/85","targetHints":{"allow":["GET"]}}],"collection":[{"href":"https:\/\/www.penseesauvage.ch\/index.php?rest_route=\/wp\/v2\/pages"}],"about":[{"href":"https:\/\/www.penseesauvage.ch\/index.php?rest_route=\/wp\/v2\/types\/page"}],"author":[{"embeddable":true,"href":"https:\/\/www.penseesauvage.ch\/index.php?rest_route=\/wp\/v2\/users\/2"}],"replies":[{"embeddable":true,"href":"https:\/\/www.penseesauvage.ch\/index.php?rest_route=%2Fwp%2Fv2%2Fcomments&post=85"}],"version-history":[{"count":20,"href":"https:\/\/www.penseesauvage.ch\/index.php?rest_route=\/wp\/v2\/pages\/85\/revisions"}],"predecessor-version":[{"id":452,"href":"https:\/\/www.penseesauvage.ch\/index.php?rest_route=\/wp\/v2\/pages\/85\/revisions\/452"}],"wp:attachment":[{"href":"https:\/\/www.penseesauvage.ch\/index.php?rest_route=%2Fwp%2Fv2%2Fmedia&parent=85"}],"curies":[{"name":"wp","href":"https:\/\/api.w.org\/{rel}","templated":true}]}}