{"id":455,"date":"2016-07-02T21:21:49","date_gmt":"2016-07-02T21:21:49","guid":{"rendered":"http:\/\/www.penseesauvage.ch\/?page_id=455"},"modified":"2016-07-02T21:21:49","modified_gmt":"2016-07-02T21:21:49","slug":"hommage","status":"publish","type":"page","link":"https:\/\/www.penseesauvage.ch\/?page_id=455","title":{"rendered":"Hommage"},"content":{"rendered":"<div id=\"post-92083\" class=\"post-92083 post hentry category-articles\">\n<h2>\u2020 Hommage | Philippe Jaussy<\/h2>\n<\/div>\n<div class=\"entry\">\n<p>Les Editions de L\u2019Aire ont appris avec consternation le d\u00e9c\u00e8s de Philippe Jaussy, serviteur du livre. Il avait d\u00e9but\u00e9 dans le monde du livre chez Delachaux-Nestl\u00e9 puis \u00e0 la diffusion SNL avant de lancer avec succ\u00e8s la Librairie La Pens\u00e9e Sauvage au Pont au bord du Lac de Joux. Un lieu o\u00f9 il organisa quelques expositions artistiques souvent en lien avec la nature. Au fil du temps, il s\u2019est sp\u00e9cialis\u00e9 dans le livre d\u2019antiquariat et s\u2019est impos\u00e9 dans le secteur du livre rare mais en ne d\u00e9laissant jamais le livre populaire \u2013 raison pour laquelle il anima avec efficacit\u00e9 la Foire aux livres de Romainm\u00f4tier et les Vingt-quatre Heures de lecture de Romainm\u00f4tier.<\/p>\n<p>De Philippe Jaussy, on retiendra son esprit intuitif, son go\u00fbt de l\u2019\u00e9rudition, et surtout sa profonde humanit\u00e9 qu\u2019il camouflait parfois avec un humour acide.<\/p>\n<p>Le monde du Livre et la Vall\u00e9e de Joux sont en deuil. A ses proches va notre sympathie la plus vive.<\/p>\n<p><em>Au nom des Editions de L\u2019Aire:<br \/>\n<\/em><em>Michel Moret<\/em><\/p>\n<\/div>\n<div id=\"post-92337\" class=\"post-92337 post hentry category-articles category-non-classe\">\n<h2>\u2020 Hommage: Une porte s\u2019est ferm\u00e9e<\/h2>\n<\/div>\n<div class=\"entry\">\n<p>Du 2 au 4 octobre 2015, les ateliers de la rade du Pont ont ouvert leurs portes pour faire partager leur travail et leurs passions artistiques; l\u2019invitation a connu un grand succ\u00e8s.<\/p>\n<p>L\u2019une des portes ouvertes \u00e9tait celle de la Pens\u00e9e sauvage, la librairie si bien nomm\u00e9e de Philippe Jaussy, que tous les amateurs d\u2019art, et bien d\u2019autres encore, fr\u00e9quentaient au gr\u00e9 des expos, des conf\u00e9rences, des conversations conviviales et des trouvailles de livres.<\/p>\n<p>Nul doute que plusieurs personnes ont d\u00e9couvert la Pens\u00e9e sauvage et ses merveilles lors de leur balade \u00e0 travers les portes ouvertes. Philippe, pr\u00e9sent dans la manifestation en ce week-end d\u2019octobre, nous a quitt\u00e9s le lendemain et sa porte s\u2019est referm\u00e9e sur nos \u00e9changes amicaux, sur nos collaborations, sur nos projets communs.<\/p>\n<p>Il nous manque et nous sommes tristes.<\/p>\n<p>Sa pens\u00e9e originale, son ouverture et son accueil tranquilles vont cependant rester dans nos m\u00e9moires comme de pr\u00e9cieuses petites balises, aussi bien dans nos pratiques artistiques que dans notre quotidien.<\/p>\n<p>A sa famille, nous disons nos pens\u00e9es amicales et notre solidarit\u00e9.<\/p>\n<p><em>Les ateliers de la Rade du Pont<\/em><\/p>\n<\/div>\n<p>&nbsp;<\/p>\n<p>&nbsp;<\/p>\n","protected":false},"excerpt":{"rendered":"<p>\u2020 Hommage | Philippe Jaussy Les Editions de L\u2019Aire ont appris avec consternation le d\u00e9c\u00e8s de Philippe Jaussy, serviteur du livre. Il avait d\u00e9but\u00e9 dans le monde du livre chez Delachaux-Nestl\u00e9 puis \u00e0 la diffusion SNL avant de lancer avec succ\u00e8s la Librairie La Pens\u00e9e Sauvage au Pont au bord du Lac de Joux. Un [&hellip;]<\/p>\n","protected":false},"author":2,"featured_media":0,"parent":0,"menu_order":0,"comment_status":"closed","ping_status":"closed","template":"","meta":{"footnotes":""},"class_list":["post-455","page","type-page","status-publish","hentry"],"_links":{"self":[{"href":"https:\/\/www.penseesauvage.ch\/index.php?rest_route=\/wp\/v2\/pages\/455","targetHints":{"allow":["GET"]}}],"collection":[{"href":"https:\/\/www.penseesauvage.ch\/index.php?rest_route=\/wp\/v2\/pages"}],"about":[{"href":"https:\/\/www.penseesauvage.ch\/index.php?rest_route=\/wp\/v2\/types\/page"}],"author":[{"embeddable":true,"href":"https:\/\/www.penseesauvage.ch\/index.php?rest_route=\/wp\/v2\/users\/2"}],"replies":[{"embeddable":true,"href":"https:\/\/www.penseesauvage.ch\/index.php?rest_route=%2Fwp%2Fv2%2Fcomments&post=455"}],"version-history":[{"count":1,"href":"https:\/\/www.penseesauvage.ch\/index.php?rest_route=\/wp\/v2\/pages\/455\/revisions"}],"predecessor-version":[{"id":456,"href":"https:\/\/www.penseesauvage.ch\/index.php?rest_route=\/wp\/v2\/pages\/455\/revisions\/456"}],"wp:attachment":[{"href":"https:\/\/www.penseesauvage.ch\/index.php?rest_route=%2Fwp%2Fv2%2Fmedia&parent=455"}],"curies":[{"name":"wp","href":"https:\/\/api.w.org\/{rel}","templated":true}]}}