{"id":42,"date":"2010-03-03T19:14:47","date_gmt":"2010-03-03T19:14:47","guid":{"rendered":"http:\/\/www.penseesauvage.ch\/?page_id=42"},"modified":"2011-04-15T07:17:17","modified_gmt":"2011-04-15T07:17:17","slug":"expositions-a-la-galerie-la-pensee-sauvage","status":"publish","type":"page","link":"https:\/\/www.penseesauvage.ch\/?page_id=42","title":{"rendered":"Exposition permanente de tableaux de la Vall\u00e9e de Joux"},"content":{"rendered":"<h2><em>La librairie expose en permanence des tableaux modernes et anciens de la Vall\u00e9e de Joux, du canton de Vaud et autres coups de c\u0153ur .<\/em><\/h2>\n<p>&nbsp;<\/p>\n<p><em><br \/>\n<\/em><\/p>\n<p style=\"text-align: center;\"><a href=\"https:\/\/www.penseesauvage.ch\/wp-content\/uploads\/2010\/03\/Photo0282.jpg\"><img loading=\"lazy\" decoding=\"async\" class=\"aligncenter size-large wp-image-296\" title=\"Allaman \/ Ric Berger\" src=\"https:\/\/www.penseesauvage.ch\/wp-content\/uploads\/2010\/03\/Photo0282-1024x768.jpg\" alt=\"\" width=\"523\" height=\"392\" srcset=\"https:\/\/www.penseesauvage.ch\/wp-content\/uploads\/2010\/03\/Photo0282-1024x768.jpg 1024w, https:\/\/www.penseesauvage.ch\/wp-content\/uploads\/2010\/03\/Photo0282-300x225.jpg 300w\" sizes=\"auto, (max-width: 523px) 100vw, 523px\" \/><\/a><em>Allaman. Ric Berger. D\u00e9tail<\/em><\/p>\n<p>&nbsp;<\/p>\n<p style=\"text-align: center;\"><em><br \/>\n<\/em><\/p>\n<p style=\"text-align: center;\"><em><a href=\"https:\/\/www.penseesauvage.ch\/wp-content\/uploads\/2010\/03\/Photo02791.jpg\"><img loading=\"lazy\" decoding=\"async\" class=\"size-large wp-image-294 aligncenter\" title=\"A.F. Duplain\" src=\"https:\/\/www.penseesauvage.ch\/wp-content\/uploads\/2010\/03\/Photo02791-1024x768.jpg\" alt=\"\" width=\"524\" height=\"393\" srcset=\"https:\/\/www.penseesauvage.ch\/wp-content\/uploads\/2010\/03\/Photo02791-1024x768.jpg 1024w, https:\/\/www.penseesauvage.ch\/wp-content\/uploads\/2010\/03\/Photo02791-300x225.jpg 300w\" sizes=\"auto, (max-width: 524px) 100vw, 524px\" \/><\/a><\/em><\/p>\n<p style=\"text-align: center;\"><em>Automne \u00e0 la Venoge. A.F Dulpain. D\u00e9tail<\/em><\/p>\n<p style=\"text-align: center;\">&nbsp;<\/p>\n<p style=\"text-align: center;\"><em><br \/>\n<\/em><\/p>\n<p style=\"text-align: center;\"><em><br \/>\n<\/em><\/p>\n<h2><em>Nous organisons \u00e9galement des expositions d&rsquo;art contemporain selon l&rsquo;humeur et\u00a0 les d\u00e9couvertes du libraire-galeriste.<\/em><\/h2>\n<h2><em>Pour tous renseignements:<\/em><\/h2>\n<p><em>Philippe Jaussy <\/em><\/p>\n<p><em> Tel :0041 (0) 77 422 29 59 <\/em><\/p>\n<p><em>Courriel :<a href=\"http:\/\/ pensee.sauvage@gmail.com\"> pensee.sauvage@gmail.com<\/a><br \/>\n<\/em><\/p>\n<p style=\"text-align: center;\">&nbsp;<\/p>\n<p style=\"text-align: center;\">&nbsp;<\/p>\n<p style=\"text-align: center;\"><em> <\/em><\/p>\n<p style=\"text-align: center;\">&nbsp;<\/p>\n<p style=\"text-align: center;\">&nbsp;<\/p>\n<p style=\"text-align: right;\">&nbsp;<\/p>\n<p style=\"text-align: right;\"><span style=\"color: #000000;\"><span style=\"font-family: Garamond,serif;\"><span style=\"font-size: large;\"><em><br \/>\n<\/em><\/span><\/span><\/span><\/p>\n","protected":false},"excerpt":{"rendered":"<p>La librairie expose en permanence des tableaux modernes et anciens de la Vall\u00e9e de Joux, du canton de Vaud et autres coups de c\u0153ur . &nbsp; Allaman. Ric Berger. D\u00e9tail &nbsp; Automne \u00e0 la Venoge. A.F Dulpain. D\u00e9tail &nbsp; Nous organisons \u00e9galement des expositions d&rsquo;art contemporain selon l&rsquo;humeur et\u00a0 les d\u00e9couvertes du libraire-galeriste. Pour tous [&hellip;]<\/p>\n","protected":false},"author":2,"featured_media":0,"parent":0,"menu_order":0,"comment_status":"open","ping_status":"open","template":"","meta":{"footnotes":""},"class_list":["post-42","page","type-page","status-publish","hentry"],"_links":{"self":[{"href":"https:\/\/www.penseesauvage.ch\/index.php?rest_route=\/wp\/v2\/pages\/42","targetHints":{"allow":["GET"]}}],"collection":[{"href":"https:\/\/www.penseesauvage.ch\/index.php?rest_route=\/wp\/v2\/pages"}],"about":[{"href":"https:\/\/www.penseesauvage.ch\/index.php?rest_route=\/wp\/v2\/types\/page"}],"author":[{"embeddable":true,"href":"https:\/\/www.penseesauvage.ch\/index.php?rest_route=\/wp\/v2\/users\/2"}],"replies":[{"embeddable":true,"href":"https:\/\/www.penseesauvage.ch\/index.php?rest_route=%2Fwp%2Fv2%2Fcomments&post=42"}],"version-history":[{"count":25,"href":"https:\/\/www.penseesauvage.ch\/index.php?rest_route=\/wp\/v2\/pages\/42\/revisions"}],"predecessor-version":[{"id":121,"href":"https:\/\/www.penseesauvage.ch\/index.php?rest_route=\/wp\/v2\/pages\/42\/revisions\/121"}],"wp:attachment":[{"href":"https:\/\/www.penseesauvage.ch\/index.php?rest_route=%2Fwp%2Fv2%2Fmedia&parent=42"}],"curies":[{"name":"wp","href":"https:\/\/api.w.org\/{rel}","templated":true}]}}