{"id":391,"date":"2014-11-09T14:07:23","date_gmt":"2014-11-09T14:07:23","guid":{"rendered":"http:\/\/www.penseesauvage.ch\/?page_id=391"},"modified":"2014-11-13T13:43:27","modified_gmt":"2014-11-13T13:43:27","slug":"dedicace-de-raphael-aubert-le-samedi-6-decembre","status":"publish","type":"page","link":"https:\/\/www.penseesauvage.ch\/?page_id=391","title":{"rendered":"D\u00e9dicace de Rapha\u00ebl Aubert Le samedi 6 d\u00e9cembre 2014"},"content":{"rendered":"<h3 style=\"text-align: center;\">La Librairie<\/h3>\n<h2 style=\"text-align: center;\">La Pens\u00e9e Sauvage<\/h2>\n<h3 style=\"text-align: center;\">a le plaisir de vous inviter \u00e0 la s\u00e9ance de d\u00e9dicace de<\/h3>\n<h1 style=\"text-align: center;\">Rapha\u00ebl Aubert<\/h1>\n<p style=\"text-align: center;\">\u00c9crivain et journaliste<\/p>\n<p style=\"text-align: center;\">Le samedi 6 d\u00e9cembre 2014 de 14h \u00e0 16h<\/p>\n<h3 style=\"text-align: center;\">\u00ab\u00a0Cet envers du temps\u00a0\u00bb<br \/>\net \u00ab\u00a0Sous les arbres et au bord du fleuve\u00a0\u00bb<\/h3>\n<p style=\"text-align: center;\">deux livres r\u00e9cemment parus aux \u00e9ditions de l&rsquo;Aire<\/p>\n<p style=\"text-align: center;\">La Fondation vaudoise pour la culture lui a d\u00e9cern\u00e9<br \/>\nLe Prix culturel vaudois Litt\u00e9rature 2014.<\/p>\n<p>Bienvenue !<\/p>\n","protected":false},"excerpt":{"rendered":"<p>La Librairie La Pens\u00e9e Sauvage a le plaisir de vous inviter \u00e0 la s\u00e9ance de d\u00e9dicace de Rapha\u00ebl Aubert \u00c9crivain et journaliste Le samedi 6 d\u00e9cembre 2014 de 14h \u00e0 16h \u00ab\u00a0Cet envers du temps\u00a0\u00bb et \u00ab\u00a0Sous les arbres et au bord du fleuve\u00a0\u00bb deux livres r\u00e9cemment parus aux \u00e9ditions de l&rsquo;Aire La Fondation vaudoise [&hellip;]<\/p>\n","protected":false},"author":2,"featured_media":0,"parent":0,"menu_order":0,"comment_status":"closed","ping_status":"closed","template":"","meta":{"footnotes":""},"class_list":["post-391","page","type-page","status-publish","hentry"],"_links":{"self":[{"href":"https:\/\/www.penseesauvage.ch\/index.php?rest_route=\/wp\/v2\/pages\/391","targetHints":{"allow":["GET"]}}],"collection":[{"href":"https:\/\/www.penseesauvage.ch\/index.php?rest_route=\/wp\/v2\/pages"}],"about":[{"href":"https:\/\/www.penseesauvage.ch\/index.php?rest_route=\/wp\/v2\/types\/page"}],"author":[{"embeddable":true,"href":"https:\/\/www.penseesauvage.ch\/index.php?rest_route=\/wp\/v2\/users\/2"}],"replies":[{"embeddable":true,"href":"https:\/\/www.penseesauvage.ch\/index.php?rest_route=%2Fwp%2Fv2%2Fcomments&post=391"}],"version-history":[{"count":4,"href":"https:\/\/www.penseesauvage.ch\/index.php?rest_route=\/wp\/v2\/pages\/391\/revisions"}],"predecessor-version":[{"id":396,"href":"https:\/\/www.penseesauvage.ch\/index.php?rest_route=\/wp\/v2\/pages\/391\/revisions\/396"}],"wp:attachment":[{"href":"https:\/\/www.penseesauvage.ch\/index.php?rest_route=%2Fwp%2Fv2%2Fmedia&parent=391"}],"curies":[{"name":"wp","href":"https:\/\/api.w.org\/{rel}","templated":true}]}}