{"id":39,"date":"2010-03-03T19:12:47","date_gmt":"2010-03-03T19:12:47","guid":{"rendered":"http:\/\/www.penseesauvage.ch\/?page_id=39"},"modified":"2014-08-30T07:44:52","modified_gmt":"2014-08-30T07:44:52","slug":"les-24-heures-de-lectures-de-romainmotier-2010","status":"publish","type":"page","link":"https:\/\/www.penseesauvage.ch\/?page_id=39","title":{"rendered":"Les 24 heures de lecture de Romainm\u00f4tier 2014.  Th\u00e8me: \u00a0\u00bb Tabou \u00ab\u00a0"},"content":{"rendered":"<p>&nbsp;<\/p>\n<p>&nbsp;<\/p>\n<h2>24 heures de lecture\u00a0 Romainm\u00f4tier 2014<\/h2>\n<h2>Lors de l&rsquo;assembl\u00e9e g\u00e9n\u00e9rale, nous avons choisi le th\u00e8me des lectures 2014.<\/h2>\n<p>&nbsp;<\/p>\n<h1 style=\"text-align: center;\"><em>\u00ab\u00a0Tabou\u00a0\u00bb<br \/>\n<\/em><\/h1>\n<p>&nbsp;<\/p>\n<h2>Nous serions heureux de vous accueillir en tant que lectrice ou lecteur pour l&rsquo;\u00e9dition de cette ann\u00e9e 2014.<\/h2>\n<h2>Pour tous renseignements,vous pouvez prendre contact avec une adresse ci-dessous.<\/h2>\n<h5 style=\"text-align: center;\"><em><br \/>\n<\/em><\/h5>\n<p><em><br \/>\n<\/em><\/p>\n<p><em><a href=\"https:\/\/www.penseesauvage.ch\/wp-content\/uploads\/2010\/03\/Ph-2-aux-24-heures-de-lecture-de-Romainm\u00f4tier1.jpg\"><img loading=\"lazy\" decoding=\"async\" class=\"aligncenter size-full wp-image-233\" title=\"Ph 2 aux  24 heures de lecture de Romainm\u00f4tier\" src=\"https:\/\/www.penseesauvage.ch\/wp-content\/uploads\/2010\/03\/Ph-2-aux-24-heures-de-lecture-de-Romainm\u00f4tier1.jpg\" alt=\"\" width=\"720\" height=\"434\" \/><\/a><\/em><\/p>\n<h5><em><em> Dans la tour de l&rsquo;horloge \u00e0 minuit. \u00c9dition 2010.\u00a0\u00a0\u00a0\u00a0\u00a0\u00a0\u00a0\u00a0\u00a0\u00a0\u00a0\u00a0\u00a0\u00a0\u00a0\u00a0\u00a0\u00a0\u00a0\u00a0\u00a0\u00a0\u00a0\u00a0\u00a0\u00a0\u00a0\u00a0\u00a0\u00a0\u00a0\u00a0\u00a0\u00a0 Photo: Piotr Jaxa<\/em><\/em><\/h5>\n<h2>Les 24 heures de lecture 2012 se d\u00e9rouleront du samedi 20 septembre 19h au dimanche 21 septembre ( je\u00fbne f\u00e9d\u00e9ral ) 8h00<\/h2>\n<p>Philippe Jaussy<a href=\"http:\/\/pensee.sauvage@gmail.com\"> pensee.sauvage@gmail.com<\/a> ou\u00a0 077 422 29 59<\/p>\n<p>Valentin Monnier\u00a0 <a href=\"http:\/\/valentin.monnier@gmail.com\">valentin.monnier@gmail.com<\/a><\/p>\n<h3>Visitez le site des 24 heures de lecture : \u00a0 <a href=\"http:\/\/24heures.romainmotier.ch\/\" target=\"_blank\">http:\/\/24heures.romainmotier.ch<\/a><\/h3>\n<p>&nbsp;<\/p>\n<h5 style=\"text-align: left;\"><em><strong><br \/>\n<\/strong><\/em><\/h5>\n<p>&nbsp;<\/p>\n","protected":false},"excerpt":{"rendered":"<p>&nbsp; &nbsp; 24 heures de lecture\u00a0 Romainm\u00f4tier 2014 Lors de l&rsquo;assembl\u00e9e g\u00e9n\u00e9rale, nous avons choisi le th\u00e8me des lectures 2014. &nbsp; \u00ab\u00a0Tabou\u00a0\u00bb &nbsp; Nous serions heureux de vous accueillir en tant que lectrice ou lecteur pour l&rsquo;\u00e9dition de cette ann\u00e9e 2014. Pour tous renseignements,vous pouvez prendre contact avec une adresse ci-dessous. Dans la tour de [&hellip;]<\/p>\n","protected":false},"author":2,"featured_media":0,"parent":0,"menu_order":0,"comment_status":"open","ping_status":"closed","template":"","meta":{"footnotes":""},"class_list":["post-39","page","type-page","status-publish","hentry"],"_links":{"self":[{"href":"https:\/\/www.penseesauvage.ch\/index.php?rest_route=\/wp\/v2\/pages\/39","targetHints":{"allow":["GET"]}}],"collection":[{"href":"https:\/\/www.penseesauvage.ch\/index.php?rest_route=\/wp\/v2\/pages"}],"about":[{"href":"https:\/\/www.penseesauvage.ch\/index.php?rest_route=\/wp\/v2\/types\/page"}],"author":[{"embeddable":true,"href":"https:\/\/www.penseesauvage.ch\/index.php?rest_route=\/wp\/v2\/users\/2"}],"replies":[{"embeddable":true,"href":"https:\/\/www.penseesauvage.ch\/index.php?rest_route=%2Fwp%2Fv2%2Fcomments&post=39"}],"version-history":[{"count":39,"href":"https:\/\/www.penseesauvage.ch\/index.php?rest_route=\/wp\/v2\/pages\/39\/revisions"}],"predecessor-version":[{"id":380,"href":"https:\/\/www.penseesauvage.ch\/index.php?rest_route=\/wp\/v2\/pages\/39\/revisions\/380"}],"wp:attachment":[{"href":"https:\/\/www.penseesauvage.ch\/index.php?rest_route=%2Fwp%2Fv2%2Fmedia&parent=39"}],"curies":[{"name":"wp","href":"https:\/\/api.w.org\/{rel}","templated":true}]}}