{"id":33,"date":"2010-03-03T19:09:22","date_gmt":"2010-03-03T19:09:22","guid":{"rendered":"http:\/\/www.penseesauvage.ch\/?page_id=33"},"modified":"2016-02-13T17:14:54","modified_gmt":"2016-02-13T17:14:54","slug":"foire-aux-livres-romainmotier-2010","status":"publish","type":"page","link":"https:\/\/www.penseesauvage.ch\/?page_id=33","title":{"rendered":"Foire aux livres de Romainm\u00f4tier 2015 du 18 au 21 septembre ( weekend du Je\u00fbne f\u00e9d\u00e9ral )."},"content":{"rendered":"<h1 style=\"text-align: center;\"><strong><a href=\"https:\/\/www.penseesauvage.ch\/wp-content\/uploads\/2010\/03\/Foire-Romainm\u00f4tier-2.jpg\"><br \/>\n<\/a><span style=\"color: #000080;\">Foire aux livres<\/span><\/strong><\/h1>\n<h1 style=\"text-align: center;\"><span style=\"color: #000080;\"><strong>Romainm\u00f4tier 2015<\/strong><\/span><\/h1>\n<p><span style=\"color: #000080;\"><strong><br \/>\n<\/strong><\/span><\/p>\n<h1><span style=\"color: #ff0000;\"><strong>100&rsquo;000 Livres de qualit\u00e9.<\/strong><\/span><\/h1>\n<h1><em><span style=\"color: #000080;\"> Bibliophilie, livres anciens, <\/span><\/em><\/h1>\n<h1><em><span style=\"color: #000080;\">rares, art, romans, BD, livres d&rsquo;enfant, voyages, <\/span><\/em><\/h1>\n<h1><em><span style=\"color: #000080;\">\u00e9sot\u00e9risme, religion, philosophie, r\u00e9gionalisme, Technique, Horlogerie, <\/span><\/em><\/h1>\n<h1><em><span style=\"color: #000080;\">Nature,Po\u00e9sies, Histoire, Cuisine, Sant\u00e9 etc..<br \/>\n<\/span><\/em><\/h1>\n<p><span style=\"color: #000080;\"><strong><br \/>\n<\/strong><\/span><\/p>\n<h1><strong>La Foire aux livres de Romainm\u00f4tier <\/strong><\/h1>\n<h1><strong>se d\u00e9roulera du<\/strong><\/h1>\n<h1><strong> vendredi 18 au lundi 21 septembre 2015 (weekend du je\u00fbne f\u00e9d\u00e9ral).<br \/>\n<\/strong><\/h1>\n<h2><strong>Cantine de Champbaillard<br \/>\n<\/strong><\/h2>\n<h2><strong>Tous les jours de 10h \u00e0 19h, lundi fermeture \u00e0 17h.<br \/>\n<\/strong><\/h2>\n<h2><span style=\"color: #ff0000;\">Pendant la Foire Aux Livres Nous achetons vos livres curieux, rares, particuliers, anciens etc&#8230;<\/span><\/h2>\n<h1><em>Petite restauration avec l&rsquo;association \u00a0\u00bb Br\u00e9sil de Demain \u00ab\u00a0.<\/em><\/h1>\n<p>&nbsp;<\/p>\n<div id=\"attachment_43\" style=\"width: 371px\" class=\"wp-caption aligncenter\"><a href=\"https:\/\/www.penseesauvage.ch\/wp-content\/uploads\/2010\/03\/20070915_og_pluie_de_livres.jpg\"><img loading=\"lazy\" decoding=\"async\" aria-describedby=\"caption-attachment-43\" class=\"size-full wp-image-43\" src=\"https:\/\/www.penseesauvage.ch\/wp-content\/uploads\/2010\/03\/20070915_og_pluie_de_livres.jpg\" alt=\"Sculpture livres r\u00e9alis\u00e9e par Jan Reymond\" width=\"361\" height=\"584\" srcset=\"https:\/\/www.penseesauvage.ch\/wp-content\/uploads\/2010\/03\/20070915_og_pluie_de_livres.jpg 361w, https:\/\/www.penseesauvage.ch\/wp-content\/uploads\/2010\/03\/20070915_og_pluie_de_livres-185x300.jpg 185w\" sizes=\"auto, (max-width: 361px) 100vw, 361px\" \/><\/a><p id=\"caption-attachment-43\" class=\"wp-caption-text\">Sculpture livres r\u00e9alis\u00e9e par Jan Reymond<\/p><\/div>\n<p>&nbsp;<\/p>\n<p>&nbsp;<\/p>\n<p><strong><br \/>\n<\/strong><\/p>\n<p><strong>Chaque ann\u00e9e \u00e0 l&rsquo;occasion de la foire aux livres de Romainm\u00f4tier, Jan Reymond<\/strong><strong> nous propose une sculpture en livres \u00e9ph\u00e9m\u00e8re,\u00a0 voici quelques images de cette \u00e9dition m\u00e9di\u00e9vale 2010.<\/strong><\/p>\n<p><strong>La Librairie La Pens\u00e9e Sauvage est fi\u00e8re d&rsquo;\u00eatre sponsor de cette \u0153uvre,\u00a0 o\u00f9 l&rsquo;\u00e9crit abandonn\u00e9 mis en forme par l&rsquo;artiste, nous propose d&rsquo;acc\u00e9der \u00e0 une nouvelle lecture&#8230;<\/strong><\/p>\n<p><strong><br \/>\n<\/strong><\/p>\n<p><strong><a href=\"https:\/\/www.penseesauvage.ch\/wp-content\/uploads\/2010\/03\/Sculpture-Jan-Romainm\u00f4tier-2010.jpg\"><img loading=\"lazy\" decoding=\"async\" class=\"aligncenter size-full wp-image-212\" title=\"Sculpture Jan Romainm\u00f4tier 2010\" src=\"https:\/\/www.penseesauvage.ch\/wp-content\/uploads\/2010\/03\/Sculpture-Jan-Romainm\u00f4tier-2010.jpg\" alt=\"\" width=\"400\" height=\"266\" srcset=\"https:\/\/www.penseesauvage.ch\/wp-content\/uploads\/2010\/03\/Sculpture-Jan-Romainm\u00f4tier-2010.jpg 640w, https:\/\/www.penseesauvage.ch\/wp-content\/uploads\/2010\/03\/Sculpture-Jan-Romainm\u00f4tier-2010-300x200.jpg 300w\" sizes=\"auto, (max-width: 400px) 100vw, 400px\" \/><\/a><\/strong><\/p>\n<p><strong><br \/>\n<\/strong><\/p>\n<p><img decoding=\"async\" src=\"file:\/\/\/C:\/DOCUME%7E1\/Philippe\/LOCALS%7E1\/Temp\/moz-screenshot.png\" alt=\"\" \/><\/p>\n<p><img decoding=\"async\" src=\"file:\/\/\/C:\/DOCUME%7E1\/Philippe\/LOCALS%7E1\/Temp\/moz-screenshot-1.png\" alt=\"\" \/><\/p>\n<h2 style=\"text-align: center;\"><\/h2>\n<p><a href=\"https:\/\/www.penseesauvage.ch\/wp-content\/uploads\/2010\/03\/Sculpture-3-Jan-Romainm\u00f4tier-2010.jpg\"><img loading=\"lazy\" decoding=\"async\" class=\"aligncenter size-full wp-image-214\" title=\"Sculpture 3 Jan Romainm\u00f4tier 2010\" src=\"https:\/\/www.penseesauvage.ch\/wp-content\/uploads\/2010\/03\/Sculpture-3-Jan-Romainm\u00f4tier-2010.jpg\" alt=\"\" width=\"164\" height=\"246\" \/><\/a><\/p>\n<p><a href=\"https:\/\/www.penseesauvage.ch\/wp-content\/uploads\/2010\/03\/Sculpture-2-Jan-Romainm\u00f4tier-20102.jpg\"><img loading=\"lazy\" decoding=\"async\" class=\"aligncenter size-full wp-image-218\" title=\"Sculpture 2 Jan Romainm\u00f4tier 2010\" src=\"https:\/\/www.penseesauvage.ch\/wp-content\/uploads\/2010\/03\/Sculpture-2-Jan-Romainm\u00f4tier-20102.jpg\" alt=\"\" width=\"160\" height=\"240\" \/><\/a><\/p>\n<p style=\"text-align: center;\"><a href=\"https:\/\/www.penseesauvage.ch\/wp-content\/uploads\/2010\/03\/Sculpture-4-Jan-Romainm\u00f4tier-20101.jpg\"><img loading=\"lazy\" decoding=\"async\" class=\"aligncenter size-full wp-image-219\" title=\"Sculpture 4 Jan Romainm\u00f4tier 2010\" src=\"https:\/\/www.penseesauvage.ch\/wp-content\/uploads\/2010\/03\/Sculpture-4-Jan-Romainm\u00f4tier-20101.jpg\" alt=\"\" width=\"160\" height=\"240\" \/><\/a> L&rsquo;auteur de la Sculpture: <strong>Jan Reymond<\/strong> Romainm\u00f4tier<\/p>\n<p><strong><br \/>\n<\/strong><\/p>\n<p>Renseignements:<\/p>\n<p>Tel: 0041 (0) 79 636 31 77 (Jan Reymond)<\/p>\n<p><strong>courriel:\u00a0\u00a0\u00a0 <a href=\"http:\/\/pensee.sauvage@gmail.com\">pensee.sauvage@gmail.com<br \/>\n<\/a><\/strong><\/p>\n<h3 style=\"text-align: center;\"><em><br \/>\n<\/em><\/h3>\n<p><strong><br \/>\n<\/strong><\/p>\n","protected":false},"excerpt":{"rendered":"<p>Foire aux livres Romainm\u00f4tier 2015 100&rsquo;000 Livres de qualit\u00e9. Bibliophilie, livres anciens, rares, art, romans, BD, livres d&rsquo;enfant, voyages, \u00e9sot\u00e9risme, religion, philosophie, r\u00e9gionalisme, Technique, Horlogerie, Nature,Po\u00e9sies, Histoire, Cuisine, Sant\u00e9 etc.. La Foire aux livres de Romainm\u00f4tier se d\u00e9roulera du vendredi 18 au lundi 21 septembre 2015 (weekend du je\u00fbne f\u00e9d\u00e9ral). Cantine de Champbaillard Tous les [&hellip;]<\/p>\n","protected":false},"author":2,"featured_media":0,"parent":0,"menu_order":0,"comment_status":"open","ping_status":"open","template":"","meta":{"footnotes":""},"class_list":["post-33","page","type-page","status-publish","hentry"],"_links":{"self":[{"href":"https:\/\/www.penseesauvage.ch\/index.php?rest_route=\/wp\/v2\/pages\/33","targetHints":{"allow":["GET"]}}],"collection":[{"href":"https:\/\/www.penseesauvage.ch\/index.php?rest_route=\/wp\/v2\/pages"}],"about":[{"href":"https:\/\/www.penseesauvage.ch\/index.php?rest_route=\/wp\/v2\/types\/page"}],"author":[{"embeddable":true,"href":"https:\/\/www.penseesauvage.ch\/index.php?rest_route=\/wp\/v2\/users\/2"}],"replies":[{"embeddable":true,"href":"https:\/\/www.penseesauvage.ch\/index.php?rest_route=%2Fwp%2Fv2%2Fcomments&post=33"}],"version-history":[{"count":35,"href":"https:\/\/www.penseesauvage.ch\/index.php?rest_route=\/wp\/v2\/pages\/33\/revisions"}],"predecessor-version":[{"id":433,"href":"https:\/\/www.penseesauvage.ch\/index.php?rest_route=\/wp\/v2\/pages\/33\/revisions\/433"}],"wp:attachment":[{"href":"https:\/\/www.penseesauvage.ch\/index.php?rest_route=%2Fwp%2Fv2%2Fmedia&parent=33"}],"curies":[{"name":"wp","href":"https:\/\/api.w.org\/{rel}","templated":true}]}}